{"id":10,"date":"2026-02-27T16:04:16","date_gmt":"2026-02-27T16:04:16","guid":{"rendered":"https:\/\/hsa-expertise.fr\/?page_id=10"},"modified":"2026-03-31T17:21:17","modified_gmt":"2026-03-31T17:21:17","slug":"prestations","status":"publish","type":"page","link":"https:\/\/hsa-expertise.fr\/index.php\/prestations\/","title":{"rendered":"Prestations"},"content":{"rendered":"\n<div class=\"wp-block-group is-layout-constrained wp-container-core-group-is-layout-d22ff40a wp-block-group-is-layout-constrained\" style=\"padding-top:0px;padding-right:0px;padding-bottom:0px;padding-left:0px\">\n<div class=\"wp-block-cover alignfull\"><img loading=\"lazy\" decoding=\"async\" width=\"1024\" height=\"683\" class=\"wp-block-cover__image-background wp-image-94 size-large\" alt=\"\" src=\"https:\/\/hsa-expertise.fr\/wp-content\/uploads\/2026\/02\/accueil-Seb-1-1024x683.png\" data-object-fit=\"cover\" srcset=\"https:\/\/hsa-expertise.fr\/wp-content\/uploads\/2026\/02\/accueil-Seb-1-1024x683.png 1024w, https:\/\/hsa-expertise.fr\/wp-content\/uploads\/2026\/02\/accueil-Seb-1-300x200.png 300w, https:\/\/hsa-expertise.fr\/wp-content\/uploads\/2026\/02\/accueil-Seb-1-768x512.png 768w, https:\/\/hsa-expertise.fr\/wp-content\/uploads\/2026\/02\/accueil-Seb-1.png 1536w\" sizes=\"auto, (max-width: 1024px) 100vw, 1024px\" \/><span aria-hidden=\"true\" class=\"wp-block-cover__background has-background-dim\" style=\"background-color:#75787f\"><\/span><div class=\"wp-block-cover__inner-container is-layout-constrained wp-block-cover-is-layout-constrained\">\n<h1 class=\"wp-block-heading alignfull has-text-align-center has-ast-global-color-4-color has-text-color has-link-color wp-elements-bcc74507857251547631f6ec7a52996c\">Prestations d\u2019expertise b\u00e2timent<br>Morbihan &amp; Finist\u00e8re<\/h1>\n\n\n\n<p class=\"has-text-align-center has-ast-global-color-4-color has-text-color has-link-color wp-elements-d5146bd5ce00cda9111a084ff17945df\">Analyse des malfa\u00e7ons, infiltrations et pathologies du b\u00e2timent.<\/p>\n\n\n\n<div class=\"wp-block-buttons is-content-justification-center is-layout-flex wp-container-core-buttons-is-layout-a89b3969 wp-block-buttons-is-layout-flex\">\n<div class=\"wp-block-button\"><a class=\"wp-block-button__link has-ast-global-color-6-background-color has-text-color has-background has-link-color wp-element-button\" href=\"https:\/\/hsa-expertise.fr\/index.php\/contact\/\" style=\"color:#f9ce5c\">Demander un avis technique<\/a><\/div>\n<\/div>\n<\/div><\/div>\n<\/div>\n\n\n\n<div class=\"wp-block-columns are-vertically-aligned-center presta-mobile-reverse is-layout-flex wp-container-core-columns-is-layout-0cca83aa wp-block-columns-is-layout-flex\" style=\"margin-top:0;margin-bottom:0;padding-top:20px;padding-bottom:0px\">\n<div class=\"wp-block-column is-vertically-aligned-center is-layout-flow wp-block-column-is-layout-flow\" style=\"padding-top:0px;padding-bottom:0px;flex-basis:50%\" id=\"malfacons\">\n<div class=\"wp-block-group is-layout-constrained wp-container-core-group-is-layout-d63c08a0 wp-block-group-is-layout-constrained\" style=\"padding-top:0px;padding-bottom:0px\">\n<p class=\"has-small-font-size\">EXPERTISE B\u00c2TIMENT<\/p>\n\n\n\n<h2 class=\"wp-block-heading has-text-align-left has-ast-global-color-8-color has-text-color has-link-color wp-elements-08923794addc49d66e282840193af5db\">Malfa\u00e7ons &amp; d\u00e9sordres constructifs<\/h2>\n\n\n\n<hr class=\"wp-block-separator has-text-color has-alpha-channel-opacity has-background is-style-default\" style=\"background-color:#f9ce5c;color:#f9ce5c\"\/>\n\n\n\n<p class=\"has-text-align-left has-ast-global-color-8-color has-text-color has-link-color wp-elements-1430a9eceafacd41a48b5f0fd9e58694\">Vous constatez une fissure, un d\u00e9faut de mise en \u0153uvre ou une non-conformit\u00e9 apparente ?<br>HSA Expertise intervient pour analyser l\u2019origine des d\u00e9sordres et apporter un avis technique clair et objectif.<\/p>\n\n\n\n<ul class=\"wp-block-list has-ast-global-color-8-color has-text-color has-link-color wp-elements-87905ef44c1d3b688af45169e59eef28\">\n<li>Fissures (structurelles ou superficielles)<\/li>\n\n\n\n<li>D\u00e9fauts de ma\u00e7onnerie \/ enduits<\/li>\n\n\n\n<li>Probl\u00e8mes de dalle, plancher ou fondations<\/li>\n\n\n\n<li>Non-conformit\u00e9s visibles apr\u00e8s travaux<\/li>\n\n\n\n<li>Litiges ou doutes apr\u00e8s r\u00e9novation<\/li>\n<\/ul>\n<\/div>\n<\/div>\n\n\n\n<div class=\"wp-block-column is-vertically-aligned-center is-layout-flow wp-block-column-is-layout-flow\" style=\"padding-top:0px;padding-bottom:0px;flex-basis:50%\">\n<figure class=\"wp-block-image aligncenter size-full is-resized\" style=\"margin-top:12px;margin-right:120px;margin-bottom:12px;margin-left:120px\"><img loading=\"lazy\" decoding=\"async\" width=\"1536\" height=\"1024\" src=\"https:\/\/hsa-expertise.fr\/wp-content\/uploads\/2026\/03\/malfacon.png\" alt=\"\" class=\"wp-image-112\" style=\"width:866px;height:auto\" srcset=\"https:\/\/hsa-expertise.fr\/wp-content\/uploads\/2026\/03\/malfacon.png 1536w, https:\/\/hsa-expertise.fr\/wp-content\/uploads\/2026\/03\/malfacon-300x200.png 300w, https:\/\/hsa-expertise.fr\/wp-content\/uploads\/2026\/03\/malfacon-1024x683.png 1024w, https:\/\/hsa-expertise.fr\/wp-content\/uploads\/2026\/03\/malfacon-768x512.png 768w\" sizes=\"auto, (max-width: 1536px) 100vw, 1536px\" \/><\/figure>\n<\/div>\n<\/div>\n\n\n\n<div class=\"wp-block-columns are-vertically-aligned-center presta-mobile-normal has-background is-layout-flex wp-container-core-columns-is-layout-1d9e2a49 wp-block-columns-is-layout-flex\" style=\"background-color:#f2f2f2;padding-top:10px;padding-bottom:10px\">\n<div class=\"wp-block-column is-vertically-aligned-center is-layout-flow wp-block-column-is-layout-flow\" style=\"flex-basis:50%\">\n<figure class=\"wp-block-image aligncenter size-large is-resized\" style=\"margin-top:12px;margin-bottom:12px\"><img loading=\"lazy\" decoding=\"async\" width=\"1024\" height=\"683\" src=\"https:\/\/hsa-expertise.fr\/wp-content\/uploads\/2026\/03\/inflitration-1024x683.png\" alt=\"\" class=\"wp-image-113\" style=\"width:841px;height:auto\" srcset=\"https:\/\/hsa-expertise.fr\/wp-content\/uploads\/2026\/03\/inflitration-1024x683.png 1024w, https:\/\/hsa-expertise.fr\/wp-content\/uploads\/2026\/03\/inflitration-300x200.png 300w, https:\/\/hsa-expertise.fr\/wp-content\/uploads\/2026\/03\/inflitration-768x512.png 768w, https:\/\/hsa-expertise.fr\/wp-content\/uploads\/2026\/03\/inflitration.png 1536w\" sizes=\"auto, (max-width: 1024px) 100vw, 1024px\" \/><\/figure>\n<\/div>\n\n\n\n<div class=\"wp-block-column is-vertically-aligned-center is-layout-flow wp-block-column-is-layout-flow\" style=\"flex-basis:50%\" id=\"infiltration\">\n<div class=\"wp-block-group has-background is-layout-constrained wp-container-core-group-is-layout-d409f978 wp-block-group-is-layout-constrained\" style=\"background-color:#f2f2f2;padding-top:8px;padding-right:40px;padding-bottom:8px;padding-left:40px\">\n<p class=\"has-small-font-size\">EXPERTISE B\u00c2TIMENT<\/p>\n\n\n\n<h2 class=\"wp-block-heading has-text-align-left\">Infiltrations &amp; pathologies du b\u00e2timent<\/h2>\n\n\n\n<hr class=\"wp-block-separator has-text-color has-alpha-channel-opacity has-background is-style-default\" style=\"background-color:#f9ce5c;color:#f9ce5c\"\/>\n\n\n\n<p class=\"has-ast-global-color-8-color has-text-color has-link-color wp-elements-ef0954acb2bb0490cced743efd2b299e\">Les infiltrations et les ph\u00e9nom\u00e8nes d\u2019humidit\u00e9 peuvent avoir des causes multiples et parfois complexes.<br>L\u2019objectif est d\u2019identifier pr\u00e9cis\u00e9ment l\u2019origine du d\u00e9sordre afin d\u2019\u00e9viter les diagnostics approximatifs et les travaux inadapt\u00e9s.<\/p>\n\n\n\n<ul class=\"wp-block-list\">\n<li class=\"has-ast-global-color-8-color has-text-color has-link-color wp-elements-f7101ab48810bc1a0c65580b8feeda51\">D\u00e9fauts d\u2019\u00e9tanch\u00e9it\u00e9 toiture \/ zinguerie<\/li>\n\n\n\n<li class=\"has-ast-global-color-8-color has-text-color has-link-color wp-elements-9f4074146c55542175314c3ce1e51538\">Infiltrations en fa\u00e7ade ou menuiseries<\/li>\n\n\n\n<li class=\"has-ast-global-color-8-color has-text-color has-link-color wp-elements-99844a5dc14bd63a1df68cec9dc91c73\">Condensation et ventilation insuffisante<\/li>\n\n\n\n<li class=\"has-ast-global-color-8-color has-text-color has-link-color wp-elements-0129ff09b71c2ab1c513e909822d9359\">Ponts thermiques<\/li>\n\n\n\n<li class=\"has-ast-global-color-8-color has-text-color has-link-color wp-elements-d51548710f961982b97e4160a64e7c0d\">Humidit\u00e9 persistante ou remont\u00e9es capillaires<\/li>\n<\/ul>\n<\/div>\n<\/div>\n<\/div>\n\n\n\n<div class=\"wp-block-columns are-vertically-aligned-center presta-mobile-reverse is-layout-flex wp-container-core-columns-is-layout-32702a11 wp-block-columns-is-layout-flex\" style=\"padding-top:0px;padding-right:60px;padding-bottom:0px;padding-left:60px\">\n<div class=\"wp-block-column is-vertically-aligned-center is-layout-flow wp-block-column-is-layout-flow\" style=\"flex-basis:50%\" id=\"vente\">\n<div class=\"wp-block-group is-layout-constrained wp-container-core-group-is-layout-6f476e71 wp-block-group-is-layout-constrained\" style=\"padding-top:8px;padding-bottom:8px\">\n<p class=\"has-small-font-size\">EXPERTISE B\u00c2TIMENT<\/p>\n\n\n\n<h2 class=\"wp-block-heading has-text-align-left\">Expertise technique avant achat ou vente<\/h2>\n\n\n\n<hr class=\"wp-block-separator has-text-color has-alpha-channel-opacity has-background is-style-default\" style=\"background-color:#f9ce5c;color:#f9ce5c\"\/>\n\n\n\n<p class=\"has-ast-global-color-8-color has-text-color has-link-color wp-elements-2fbb3b0a83ed69d9ceef946d9f1cc160\">Avant de signer un compromis ou un acte d\u00e9finitif, il est essentiel de conna\u00eetre l\u2019\u00e9tat r\u00e9el du bien.<br><strong>Une expertise ind\u00e9pendante permet de s\u00e9curiser votre d\u00e9cision et d\u2019anticiper d\u2019\u00e9ventuels travaux.<\/strong><\/p>\n\n\n\n<ul class=\"wp-block-list\">\n<li class=\"has-ast-global-color-8-color has-text-color has-link-color wp-elements-0c818d0c98d6e29f92c2c948d23c2561\">Identification de d\u00e9sordres structurels<\/li>\n\n\n\n<li class=\"has-ast-global-color-8-color has-text-color has-link-color wp-elements-c63a74c68e12046da541e3fd3afc4b1e\">D\u00e9tection d\u2019infiltrations ou d\u00e9fauts cach\u00e9s<\/li>\n\n\n\n<li class=\"has-ast-global-color-8-color has-text-color has-link-color wp-elements-c260365191317145e9fadf19ec71fd97\">\u00c9valuation des points de vigilance<\/li>\n\n\n\n<li class=\"has-ast-global-color-8-color has-text-color has-link-color wp-elements-0e349ad6bbbcb627e983eb238a21fcce\">Aide \u00e0 la d\u00e9cision et \u00e0 la n\u00e9gociation<\/li>\n<\/ul>\n<\/div>\n<\/div>\n\n\n\n<div class=\"wp-block-column is-vertically-aligned-center is-layout-flow wp-block-column-is-layout-flow\" style=\"padding-right:0;flex-basis:50%\">\n<figure class=\"wp-block-image aligncenter size-large is-resized\" style=\"margin-top:12px;margin-bottom:12px\"><img loading=\"lazy\" decoding=\"async\" width=\"1024\" height=\"683\" src=\"https:\/\/hsa-expertise.fr\/wp-content\/uploads\/2026\/03\/xpertise-1024x683.png\" alt=\"\" class=\"wp-image-115\" style=\"width:730px;height:auto\" srcset=\"https:\/\/hsa-expertise.fr\/wp-content\/uploads\/2026\/03\/xpertise-1024x683.png 1024w, https:\/\/hsa-expertise.fr\/wp-content\/uploads\/2026\/03\/xpertise-300x200.png 300w, https:\/\/hsa-expertise.fr\/wp-content\/uploads\/2026\/03\/xpertise-768x512.png 768w, https:\/\/hsa-expertise.fr\/wp-content\/uploads\/2026\/03\/xpertise.png 1536w\" sizes=\"auto, (max-width: 1024px) 100vw, 1024px\" \/><\/figure>\n<\/div>\n<\/div>\n\n\n\n<div class=\"wp-block-group has-background is-layout-constrained wp-block-group-is-layout-constrained\" style=\"background-color:#f7f7f7;padding-top:100px;padding-bottom:100px\">\n<h2 class=\"wp-block-heading has-text-align-center\">D\u00e9roulement d\u2019une intervention<\/h2>\n\n\n\n<hr class=\"wp-block-separator has-text-color has-alpha-channel-opacity has-background is-style-wide\" style=\"background-color:#f9ce5c;color:#f9ce5c\"\/>\n\n\n\n<div class=\"wp-block-columns is-layout-flex wp-container-core-columns-is-layout-28f84493 wp-block-columns-is-layout-flex\">\n<div class=\"wp-block-column is-layout-flow wp-block-column-is-layout-flow\">\n<div class=\"wp-block-columns is-layout-flex wp-container-core-columns-is-layout-28f84493 wp-block-columns-is-layout-flex\">\n<div class=\"wp-block-column has-white-background-color has-background is-layout-flow wp-block-column-is-layout-flow\" style=\"padding-top:40px;padding-right:20px;padding-bottom:40px;padding-left:20px\">\n<figure class=\"wp-block-image aligncenter size-full is-resized\"><img loading=\"lazy\" decoding=\"async\" width=\"1024\" height=\"1024\" src=\"https:\/\/hsa-expertise.fr\/wp-content\/uploads\/2026\/02\/telephone.png\" alt=\"\" class=\"wp-image-99\" style=\"width:124px;height:auto\" srcset=\"https:\/\/hsa-expertise.fr\/wp-content\/uploads\/2026\/02\/telephone.png 1024w, https:\/\/hsa-expertise.fr\/wp-content\/uploads\/2026\/02\/telephone-300x300.png 300w, https:\/\/hsa-expertise.fr\/wp-content\/uploads\/2026\/02\/telephone-150x150.png 150w, https:\/\/hsa-expertise.fr\/wp-content\/uploads\/2026\/02\/telephone-768x768.png 768w\" sizes=\"auto, (max-width: 1024px) 100vw, 1024px\" \/><\/figure>\n\n\n\n<h3 class=\"wp-block-heading has-text-align-center\">Prise de contact<\/h3>\n\n\n\n<p class=\"has-text-align-left has-ast-global-color-8-color has-text-color has-link-color wp-elements-f3749956b362847b0cc8d5b2aefdc575\">\u00c9change t\u00e9l\u00e9phonique ou via formulaire pour comprendre votre situation et cadrer la mission.<\/p>\n<\/div>\n\n\n\n<div class=\"wp-block-column has-white-background-color has-background is-layout-flow wp-block-column-is-layout-flow\" style=\"padding-top:40px;padding-right:20px;padding-bottom:40px;padding-left:20px\">\n<figure class=\"wp-block-image aligncenter size-full is-resized\"><img loading=\"lazy\" decoding=\"async\" width=\"1024\" height=\"1024\" src=\"https:\/\/hsa-expertise.fr\/wp-content\/uploads\/2026\/02\/inter.png\" alt=\"\" class=\"wp-image-101\" style=\"width:125px;height:auto\" srcset=\"https:\/\/hsa-expertise.fr\/wp-content\/uploads\/2026\/02\/inter.png 1024w, https:\/\/hsa-expertise.fr\/wp-content\/uploads\/2026\/02\/inter-300x300.png 300w, https:\/\/hsa-expertise.fr\/wp-content\/uploads\/2026\/02\/inter-150x150.png 150w, https:\/\/hsa-expertise.fr\/wp-content\/uploads\/2026\/02\/inter-768x768.png 768w\" sizes=\"auto, (max-width: 1024px) 100vw, 1024px\" \/><\/figure>\n\n\n\n<h3 class=\"wp-block-heading has-text-align-center\">Intervention sur site<\/h3>\n\n\n\n<p class=\"has-text-align-left has-ast-global-color-8-color has-text-color has-link-color wp-elements-a2ed75b09598044cf0aa40fc83a9bcbd\">Observation technique, constats et relev\u00e9s n\u00e9cessaires \u00e0 l\u2019analyse.<\/p>\n<\/div>\n<\/div>\n<\/div>\n\n\n\n<div class=\"wp-block-column is-layout-flow wp-block-column-is-layout-flow\">\n<div class=\"wp-block-columns is-layout-flex wp-container-core-columns-is-layout-28f84493 wp-block-columns-is-layout-flex\">\n<div class=\"wp-block-column has-white-background-color has-background is-layout-flow wp-block-column-is-layout-flow\" style=\"padding-top:40px;padding-right:20px;padding-bottom:40px;padding-left:20px\">\n<figure class=\"wp-block-image aligncenter size-full is-resized\"><img loading=\"lazy\" decoding=\"async\" width=\"1024\" height=\"1024\" src=\"https:\/\/hsa-expertise.fr\/wp-content\/uploads\/2026\/02\/analyse.png\" alt=\"\" class=\"wp-image-103\" style=\"width:125px;height:auto\" srcset=\"https:\/\/hsa-expertise.fr\/wp-content\/uploads\/2026\/02\/analyse.png 1024w, https:\/\/hsa-expertise.fr\/wp-content\/uploads\/2026\/02\/analyse-300x300.png 300w, https:\/\/hsa-expertise.fr\/wp-content\/uploads\/2026\/02\/analyse-150x150.png 150w, https:\/\/hsa-expertise.fr\/wp-content\/uploads\/2026\/02\/analyse-768x768.png 768w\" sizes=\"auto, (max-width: 1024px) 100vw, 1024px\" \/><\/figure>\n\n\n\n<h3 class=\"wp-block-heading has-text-align-center\">Analyse <\/h3>\n\n\n\n<p class=\"has-text-align-left has-ast-global-color-8-color has-text-color has-link-color wp-elements-379fdf6a3923f5015538d1509345d1c6\">\u00c9tude des causes probables et des m\u00e9canismes constructifs en jeu.<br><br><\/p>\n<\/div>\n\n\n\n<div class=\"wp-block-column has-white-background-color has-background is-layout-flow wp-block-column-is-layout-flow\" style=\"padding-top:40px;padding-right:20px;padding-bottom:40px;padding-left:20px\">\n<figure class=\"wp-block-image aligncenter size-full is-resized\"><img loading=\"lazy\" decoding=\"async\" width=\"1024\" height=\"1024\" src=\"https:\/\/hsa-expertise.fr\/wp-content\/uploads\/2026\/02\/rapport.png\" alt=\"\" class=\"wp-image-104\" style=\"width:126px;height:auto\" srcset=\"https:\/\/hsa-expertise.fr\/wp-content\/uploads\/2026\/02\/rapport.png 1024w, https:\/\/hsa-expertise.fr\/wp-content\/uploads\/2026\/02\/rapport-300x300.png 300w, https:\/\/hsa-expertise.fr\/wp-content\/uploads\/2026\/02\/rapport-150x150.png 150w, https:\/\/hsa-expertise.fr\/wp-content\/uploads\/2026\/02\/rapport-768x768.png 768w\" sizes=\"auto, (max-width: 1024px) 100vw, 1024px\" \/><\/figure>\n\n\n\n<h3 class=\"wp-block-heading has-text-align-center\">Rapport<\/h3>\n\n\n\n<p class=\"has-text-align-left has-ast-global-color-8-color has-text-color has-link-color wp-elements-0c7670af6e692deef8ad0e400bbc9361\">Remise d\u2019un compte rendu clair, structur\u00e9 et exploitable.<br><\/p>\n<\/div>\n<\/div>\n<\/div>\n<\/div>\n<\/div>\n\n\n\n<div class=\"wp-block-group has-black-background-color has-background is-layout-constrained wp-block-group-is-layout-constrained\">\n<h2 class=\"wp-block-heading has-text-align-center has-ast-global-color-4-color has-text-color has-link-color wp-elements-9d192bd884730b9b5f5e3767980af9ca\">Besoin d\u2019un avis technique ind\u00e9pendant ?<\/h2>\n\n\n\n<p class=\"has-text-align-center has-white-color has-text-color has-link-color wp-elements-d8d13f76358f52b7306bfd33c450a52f\">\u00c9changeons sur votre situation.<br>R\u00e9ponse sous 24h.<\/p>\n\n\n\n<div class=\"wp-block-buttons is-content-justification-center is-layout-flex wp-container-core-buttons-is-layout-a89b3969 wp-block-buttons-is-layout-flex\">\n<div class=\"wp-block-button\"><a class=\"wp-block-button__link has-ast-global-color-8-color has-text-color has-background has-link-color has-text-align-center wp-element-button\" href=\"https:\/\/hsa-expertise.fr\/index.php\/contact\/\" style=\"background-color:#f9ce5c\">Demander un avis technique<\/a><\/div>\n<\/div>\n<\/div>\n\n\n\n<p><\/p>\n","protected":false},"excerpt":{"rendered":"<p>EXPERTISE B\u00c2TIMENT Malfa\u00e7ons &amp; d\u00e9sordres constructifs Vous constatez une fissure, un d\u00e9faut de mise en \u0153uvre ou une non-conformit\u00e9 apparente [&hellip;]<\/p>\n","protected":false},"author":1,"featured_media":0,"parent":0,"menu_order":0,"comment_status":"closed","ping_status":"closed","template":"","meta":{"site-sidebar-layout":"default","site-content-layout":"","ast-site-content-layout":"full-width-container","site-content-style":"default","site-sidebar-style":"default","ast-global-header-display":"","ast-banner-title-visibility":"","ast-main-header-display":"","ast-hfb-above-header-display":"","ast-hfb-below-header-display":"","ast-hfb-mobile-header-display":"","site-post-title":"disabled","ast-breadcrumbs-content":"","ast-featured-img":"","footer-sml-layout":"","ast-disable-related-posts":"","theme-transparent-header-meta":"","adv-header-id-meta":"","stick-header-meta":"","header-above-stick-meta":"","header-main-stick-meta":"","header-below-stick-meta":"","astra-migrate-meta-layouts":"default","ast-page-background-enabled":"default","ast-page-background-meta":{"desktop":{"background-color":"var(--ast-global-color-5)","background-image":"","background-repeat":"repeat","background-position":"center center","background-size":"auto","background-attachment":"scroll","background-type":"","background-media":"","overlay-type":"","overlay-color":"","overlay-opacity":"","overlay-gradient":""},"tablet":{"background-color":"","background-image":"","background-repeat":"repeat","background-position":"center center","background-size":"auto","background-attachment":"scroll","background-type":"","background-media":"","overlay-type":"","overlay-color":"","overlay-opacity":"","overlay-gradient":""},"mobile":{"background-color":"","background-image":"","background-repeat":"repeat","background-position":"center center","background-size":"auto","background-attachment":"scroll","background-type":"","background-media":"","overlay-type":"","overlay-color":"","overlay-opacity":"","overlay-gradient":""}},"ast-content-background-meta":{"desktop":{"background-color":"var(--ast-global-color-4)","background-image":"","background-repeat":"repeat","background-position":"center center","background-size":"auto","background-attachment":"scroll","background-type":"","background-media":"","overlay-type":"","overlay-color":"","overlay-opacity":"","overlay-gradient":""},"tablet":{"background-color":"var(--ast-global-color-4)","background-image":"","background-repeat":"repeat","background-position":"center center","background-size":"auto","background-attachment":"scroll","background-type":"","background-media":"","overlay-type":"","overlay-color":"","overlay-opacity":"","overlay-gradient":""},"mobile":{"background-color":"var(--ast-global-color-4)","background-image":"","background-repeat":"repeat","background-position":"center center","background-size":"auto","background-attachment":"scroll","background-type":"","background-media":"","overlay-type":"","overlay-color":"","overlay-opacity":"","overlay-gradient":""}},"footnotes":""},"class_list":["post-10","page","type-page","status-publish","hentry"],"_links":{"self":[{"href":"https:\/\/hsa-expertise.fr\/index.php\/wp-json\/wp\/v2\/pages\/10","targetHints":{"allow":["GET"]}}],"collection":[{"href":"https:\/\/hsa-expertise.fr\/index.php\/wp-json\/wp\/v2\/pages"}],"about":[{"href":"https:\/\/hsa-expertise.fr\/index.php\/wp-json\/wp\/v2\/types\/page"}],"author":[{"embeddable":true,"href":"https:\/\/hsa-expertise.fr\/index.php\/wp-json\/wp\/v2\/users\/1"}],"replies":[{"embeddable":true,"href":"https:\/\/hsa-expertise.fr\/index.php\/wp-json\/wp\/v2\/comments?post=10"}],"version-history":[{"count":34,"href":"https:\/\/hsa-expertise.fr\/index.php\/wp-json\/wp\/v2\/pages\/10\/revisions"}],"predecessor-version":[{"id":189,"href":"https:\/\/hsa-expertise.fr\/index.php\/wp-json\/wp\/v2\/pages\/10\/revisions\/189"}],"wp:attachment":[{"href":"https:\/\/hsa-expertise.fr\/index.php\/wp-json\/wp\/v2\/media?parent=10"}],"curies":[{"name":"wp","href":"https:\/\/api.w.org\/{rel}","templated":true}]}}