{"id":12,"date":"2026-02-27T16:05:04","date_gmt":"2026-02-27T16:05:04","guid":{"rendered":"https:\/\/hsa-expertise.fr\/?page_id=12"},"modified":"2026-03-31T17:38:47","modified_gmt":"2026-03-31T17:38:47","slug":"a-propos","status":"publish","type":"page","link":"https:\/\/hsa-expertise.fr\/index.php\/a-propos\/","title":{"rendered":"Le cabinet"},"content":{"rendered":"\n<div class=\"wp-block-cover\"><img loading=\"lazy\" decoding=\"async\" width=\"1024\" height=\"683\" class=\"wp-block-cover__image-background wp-image-94 size-large\" alt=\"\" src=\"http:\/\/hsa-expertise.fr\/wp-content\/uploads\/2026\/02\/accueil-Seb-1-1024x683.png\" data-object-fit=\"cover\" srcset=\"https:\/\/hsa-expertise.fr\/wp-content\/uploads\/2026\/02\/accueil-Seb-1-1024x683.png 1024w, https:\/\/hsa-expertise.fr\/wp-content\/uploads\/2026\/02\/accueil-Seb-1-300x200.png 300w, https:\/\/hsa-expertise.fr\/wp-content\/uploads\/2026\/02\/accueil-Seb-1-768x512.png 768w, https:\/\/hsa-expertise.fr\/wp-content\/uploads\/2026\/02\/accueil-Seb-1.png 1536w\" sizes=\"auto, (max-width: 1024px) 100vw, 1024px\" \/><span aria-hidden=\"true\" class=\"wp-block-cover__background has-background-dim\" style=\"background-color:#75787f\"><\/span><div class=\"wp-block-cover__inner-container is-layout-constrained wp-block-cover-is-layout-constrained\">\n<h1 class=\"wp-block-heading has-text-align-center has-ast-global-color-4-color has-text-color has-link-color wp-elements-450c03a36ecf4948ce2efd6a9d6e5ff3\">Un regard technique ind\u00e9pendant<br>au service de votre d\u00e9cision<\/h1>\n\n\n\n<p class=\"has-text-align-center has-white-color has-text-color has-link-color wp-elements-be1af119168d745265a486a18cedfd5d\">HSA Expertise accompagne particuliers et professionnels dans l\u2019analyse technique des b\u00e2timents, en toute objectivit\u00e9.<\/p>\n\n\n\n<div class=\"wp-block-buttons is-content-justification-center is-layout-flex wp-container-core-buttons-is-layout-a89b3969 wp-block-buttons-is-layout-flex\">\n<div class=\"wp-block-button\"><a class=\"wp-block-button__link has-ast-global-color-6-color has-text-color has-background has-link-color has-text-align-center wp-element-button\" href=\"https:\/\/hsa-expertise.fr\/index.php\/contact\/\" style=\"background-color:#f9ce5c\"><strong>Nous contacter<\/strong><\/a><\/div>\n<\/div>\n<\/div><\/div>\n\n\n\n<div class=\"wp-block-group is-layout-constrained wp-block-group-is-layout-constrained\" style=\"padding-top:90px;padding-bottom:90px\">\n<h2 class=\"wp-block-heading has-text-align-center\">Notre engagement<\/h2>\n\n\n\n<p class=\"has-ast-global-color-8-color has-text-color has-link-color wp-elements-c487e3712ce083f7ddd9bb38331524f0\">HSA Expertise intervient avec une exigence simple : apporter un avis technique clair, factuel et ind\u00e9pendant.<\/p>\n\n\n\n<div class=\"wp-block-columns are-vertically-aligned-center is-layout-flex wp-container-core-columns-is-layout-28f84493 wp-block-columns-is-layout-flex\">\n<div class=\"wp-block-column is-vertically-aligned-center is-layout-flow wp-block-column-is-layout-flow\">\n<h3 class=\"wp-block-heading has-text-align-center\">Ind\u00e9pendance totale<\/h3>\n\n\n\n<hr class=\"wp-block-separator has-text-color has-alpha-channel-opacity has-background\" style=\"background-color:#f9ce5c;color:#f9ce5c\"\/>\n\n\n\n<p class=\"has-text-align-center has-ast-global-color-8-color has-text-color has-link-color wp-elements-f6e9ad961470b9fa6d827d1c45b8a2f0\">HSA Expertise ne r\u00e9alise aucun travaux.<br>Chaque analyse est men\u00e9e sans int\u00e9r\u00eat commercial.<\/p>\n<\/div>\n\n\n\n<div class=\"wp-block-column is-vertically-aligned-center is-layout-flow wp-block-column-is-layout-flow\">\n<h3 class=\"wp-block-heading has-text-align-center\">Rigueur technique<\/h3>\n\n\n\n<hr class=\"wp-block-separator has-text-color has-alpha-channel-opacity has-background\" style=\"background-color:#f9ce5c;color:#f9ce5c\"\/>\n\n\n\n<p class=\"has-text-align-center has-ast-global-color-8-color has-text-color has-link-color wp-elements-2409008d701cfdc8b768c7907da8855f\">Une approche m\u00e9thodique et factuelle, bas\u00e9e sur l\u2019observation et la compr\u00e9hension des m\u00e9canismes constructifs.<\/p>\n<\/div>\n\n\n\n<div class=\"wp-block-column is-vertically-aligned-center is-layout-flow wp-block-column-is-layout-flow\">\n<h3 class=\"wp-block-heading has-text-align-center\">Clart\u00e9 &amp; p\u00e9dagogie<\/h3>\n\n\n\n<hr class=\"wp-block-separator has-text-color has-alpha-channel-opacity has-background\" style=\"background-color:#f9ce5c;color:#f9ce5c\"\/>\n\n\n\n<p class=\"has-text-align-center has-ast-global-color-8-color has-text-color has-link-color wp-elements-54aafd80e182c49e119951b78dc9e904\">Un rapport structur\u00e9, compr\u00e9hensible et exploitable pour orienter vos d\u00e9cisions.<\/p>\n<\/div>\n<\/div>\n<\/div>\n\n\n\n<div class=\"wp-block-group has-background is-layout-constrained wp-block-group-is-layout-constrained\" style=\"background-color:#f6f7f9\">\n<div class=\"wp-block-columns is-layout-flex wp-container-core-columns-is-layout-28f84493 wp-block-columns-is-layout-flex\">\n<div class=\"wp-block-column is-layout-flow wp-block-column-is-layout-flow\" style=\"flex-basis:66.66%\">\n<p class=\"has-text-color has-link-color has-small-font-size wp-elements-0e13454dc5203c895401db1af1d1a0f3\" style=\"color:#1f2937\"><br><strong>EXPERTISE IND\u00c9PENDANTE<\/strong><\/p>\n\n\n\n<h2 class=\"wp-block-heading\">Une expertise ind\u00e9pendante, sans conflit d\u2019int\u00e9r\u00eat.<\/h2>\n\n\n\n<hr class=\"wp-block-separator has-text-color has-alpha-channel-opacity has-background is-style-default\" style=\"background-color:#f9ce5c;color:#f9ce5c\"\/>\n\n\n\n<p class=\"has-ast-global-color-8-color has-text-color has-link-color wp-elements-287ca90173f46efe0c810566e9bce8e6\">HSA Expertise ne r\u00e9alise aucun travaux et n\u2019a aucun int\u00e9r\u00eat commercial dans les solutions propos\u00e9es.<br>Notre r\u00f4le : constater, analyser et vous donner un avis technique clair, factuel et exploitable.<\/p>\n\n\n\n<ul class=\"wp-block-list\">\n<li><strong>Aucune vente de travaux<\/strong> : avis objectif, sans pression.<\/li>\n\n\n\n<li><strong>Constats v\u00e9rifiables<\/strong> : photos, mesures et observations terrain.<\/li>\n\n\n\n<li><strong>Recommandations actionnables<\/strong> : priorit\u00e9s, risques, \u00e9tapes.<\/li>\n<\/ul>\n<\/div>\n\n\n\n<div class=\"wp-block-column is-layout-flow wp-block-column-is-layout-flow\" style=\"box-shadow:var(--wp--preset--shadow--natural);flex-basis:33.33%\">\n<h3 class=\"wp-block-heading has-text-align-center\">Ce que vous recevez<\/h3>\n\n\n\n<ul class=\"wp-block-list\">\n<li>Un diagnostic structur\u00e9 (causes probables \/ causes \u00e9cart\u00e9es)<\/li>\n\n\n\n<li>Des photos et constats terrain<\/li>\n\n\n\n<li>Une synth\u00e8se claire + recommandations<\/li>\n<\/ul>\n\n\n\n<hr class=\"wp-block-separator has-text-color has-alpha-channel-opacity has-background\" style=\"background-color:#f9ce5c;color:#f9ce5c\"\/>\n\n\n\n<p class=\"has-text-align-center\">R\u00e9ponse sous 24h<\/p>\n\n\n\n<div class=\"wp-block-buttons is-content-justification-center is-layout-flex wp-container-core-buttons-is-layout-a89b3969 wp-block-buttons-is-layout-flex\">\n<div class=\"wp-block-button\"><a class=\"wp-block-button__link has-black-background-color has-text-color has-background has-link-color wp-element-button\" href=\"https:\/\/hsa-expertise.fr\/index.php\/contact\/\" style=\"color:#f9ce5c\"><strong>Demander un avis technique<\/strong><\/a><\/div>\n<\/div>\n<\/div>\n<\/div>\n<\/div>\n\n\n\n<div class=\"wp-block-group is-layout-constrained wp-container-core-group-is-layout-edf524fa wp-block-group-is-layout-constrained\" style=\"padding-top:110px;padding-bottom:110px\">\n<div class=\"wp-block-columns alignwide are-vertically-aligned-center is-layout-flex wp-container-core-columns-is-layout-28f84493 wp-block-columns-is-layout-flex\" style=\"box-shadow:var(--wp--preset--shadow--natural)\">\n<div class=\"wp-block-column is-vertically-aligned-center is-layout-flow wp-block-column-is-layout-flow\">\n<figure class=\"wp-block-image size-full is-resized is-style-default\"><img loading=\"lazy\" decoding=\"async\" width=\"1024\" height=\"1536\" src=\"http:\/\/hsa-expertise.fr\/wp-content\/uploads\/2026\/03\/F0A44535-EC70-4F17-89A8-7FF5FCF88F82.png\" alt=\"\" class=\"wp-image-192\" style=\"width:540px;height:auto\" srcset=\"https:\/\/hsa-expertise.fr\/wp-content\/uploads\/2026\/03\/F0A44535-EC70-4F17-89A8-7FF5FCF88F82.png 1024w, https:\/\/hsa-expertise.fr\/wp-content\/uploads\/2026\/03\/F0A44535-EC70-4F17-89A8-7FF5FCF88F82-200x300.png 200w, https:\/\/hsa-expertise.fr\/wp-content\/uploads\/2026\/03\/F0A44535-EC70-4F17-89A8-7FF5FCF88F82-683x1024.png 683w, https:\/\/hsa-expertise.fr\/wp-content\/uploads\/2026\/03\/F0A44535-EC70-4F17-89A8-7FF5FCF88F82-768x1152.png 768w\" sizes=\"auto, (max-width: 1024px) 100vw, 1024px\" \/><\/figure>\n<\/div>\n\n\n\n<div class=\"wp-block-column is-vertically-aligned-center is-layout-flow wp-block-column-is-layout-flow\" style=\"padding-right:20px;padding-left:20px\">\n<p class=\"has-text-align-center\"><strong>LE FONDATEUR<\/strong><\/p>\n\n\n\n<h2 class=\"wp-block-heading has-text-align-center\">S\u00e9bastien Horel \u2013 Expert b\u00e2timent<\/h2>\n\n\n\n<hr class=\"wp-block-separator has-text-color has-alpha-channel-opacity has-background\" style=\"background-color:#f9ce5c;color:#f9ce5c\"\/>\n\n\n\n<p class=\"has-black-color has-text-color has-link-color wp-elements-ee7ccac4ada09fdf14e5ce63ea149240\">Issu du terrain, S\u00e9bastien Horel a construit son expertise au contact direct des chantiers avant de cr\u00e9er HSA Expertise.<br>Son parcours technique et op\u00e9rationnel lui permet d\u2019analyser les situations avec rigueur, pragmatisme et ind\u00e9pendance.<\/p>\n\n\n\n<h4 class=\"wp-block-heading has-black-color has-text-color has-link-color wp-elements-8f8c0692d3f0857c50a7562a6798db06\">Parcours &amp; exp\u00e9rience<\/h4>\n\n\n\n<ul class=\"wp-block-list\">\n<li class=\"has-black-color has-text-color has-link-color wp-elements-66e7c66128966cdeb3787fcc3e87a459\">Expert du b\u00e2timent issu du terrain, avec une solide exp\u00e9rience op\u00e9rationnelle sur chantier<\/li>\n\n\n\n<li class=\"has-ast-global-color-8-color has-text-color has-link-color wp-elements-0c0afec4dfb178b7ede8d405ef9b0ef4\">Sp\u00e9cialisation dans l\u2019analyse des d\u00e9sordres : infiltrations, fissures, pathologies structurelles et d\u00e9fauts de mise en \u0153uvre<\/li>\n\n\n\n<li class=\"has-ast-global-color-8-color has-text-color has-link-color wp-elements-d94f43ac1ccbe2f64a0f391151215a3a\">Formation technique en couverture-zinguerie et enveloppe du b\u00e2timent<\/li>\n\n\n\n<li class=\"has-ast-global-color-8-color has-text-color has-link-color wp-elements-ce4d77dd9fed3fb80ba845747f284a82\">Exp\u00e9rience en conduite de travaux et management d\u2019\u00e9quipes<\/li>\n\n\n\n<li class=\"has-ast-global-color-8-color has-text-color has-link-color wp-elements-ab619ddad659480f8c1ed93761a403e5\">Approche rigoureuse bas\u00e9e sur l\u2019analyse des causes r\u00e9elles, et non des sympt\u00f4mes<\/li>\n\n\n\n<li class=\"has-ast-global-color-8-color has-text-color has-link-color wp-elements-5c1e488215905196e238d98be30fa8a3\">Intervention ind\u00e9pendante, sans lien avec les entreprises de travaux, garantissant un avis objectif<\/li>\n\n\n\n<li class=\"has-black-color has-text-color has-link-color wp-elements-68366b6f7b9ae658207fcf80f8603c24\">Accompagnement strat\u00e9gique avant achat, apr\u00e8s sinistre ou en cas de litige<\/li>\n<\/ul>\n<\/div>\n<\/div>\n<\/div>\n\n\n\n<div class=\"wp-block-group has-background is-layout-constrained wp-block-group-is-layout-constrained\" style=\"background-color:#f6f7f9;padding-top:100px;padding-bottom:100px\">\n<div class=\"wp-block-columns is-layout-flex wp-container-core-columns-is-layout-28f84493 wp-block-columns-is-layout-flex\">\n<div class=\"wp-block-column is-layout-flow wp-block-column-is-layout-flow\" style=\"flex-basis:66.66%\">\n<p class=\"has-black-color has-text-color has-link-color has-small-font-size wp-elements-fe01c19fa70f75b02042d0078991e3eb\"><strong>ZONE D\u2019INTERVENTION<\/strong><\/p>\n\n\n\n<p class=\"has-black-color has-text-color has-link-color wp-elements-0180458cec4f69f018cc6e714d98ecdf\">Intervention en Morbihan &amp; Finist\u00e8re<\/p>\n\n\n\n<hr class=\"wp-block-separator has-text-color has-alpha-channel-opacity has-background\" style=\"background-color:#f9ce5c;color:#f9ce5c\"\/>\n\n\n\n<p class=\"has-black-color has-text-color has-link-color wp-elements-2acc3367b23a3c3d49348b1ac3107d8f\">HSA Expertise intervient sur l\u2019ensemble du Morbihan et du Finist\u00e8re pour r\u00e9aliser des expertises techniques, analyses de d\u00e9sordres et avis ind\u00e9pendants avant achat ou travaux.<br>Chaque mission est r\u00e9alis\u00e9e directement sur site afin de garantir un diagnostic pr\u00e9cis et factuel.<\/p>\n\n\n\n<p class=\"has-black-color has-text-color has-link-color wp-elements-391c46e4145bb69a5128ef27265e2dd3\">Bas\u00e9 en Bretagne Sud, HSA Expertise intervient notamment \u00e0 Lorient, Quimperl\u00e9, Vannes, Quimper, Pontivy et Concarneau, et plus largement sur l\u2019ensemble du Morbihan (56) et du Finist\u00e8re (29).<\/p>\n\n\n\n<p class=\"has-black-color has-text-color has-link-color wp-elements-9ac00cf961d1ea846fe5a532228b76c6\"><\/p>\n\n\n\n<p><\/p>\n<\/div>\n\n\n\n<div class=\"wp-block-column is-vertically-aligned-center is-layout-flow wp-block-column-is-layout-flow\" style=\"flex-basis:33.33%\">\n<figure class=\"wp-block-image aligncenter size-full\"><img loading=\"lazy\" decoding=\"async\" width=\"1024\" height=\"1024\" src=\"https:\/\/hsa-expertise.fr\/wp-content\/uploads\/2026\/03\/acarte.png\" alt=\"\" class=\"wp-image-156\" style=\"aspect-ratio:4\/3;object-fit:cover\" srcset=\"https:\/\/hsa-expertise.fr\/wp-content\/uploads\/2026\/03\/acarte.png 1024w, https:\/\/hsa-expertise.fr\/wp-content\/uploads\/2026\/03\/acarte-300x300.png 300w, https:\/\/hsa-expertise.fr\/wp-content\/uploads\/2026\/03\/acarte-150x150.png 150w, https:\/\/hsa-expertise.fr\/wp-content\/uploads\/2026\/03\/acarte-768x768.png 768w\" sizes=\"auto, (max-width: 1024px) 100vw, 1024px\" \/><\/figure>\n<\/div>\n<\/div>\n<\/div>\n\n\n\n<div class=\"wp-block-group has-background is-layout-constrained wp-block-group-is-layout-constrained\" style=\"background-color:#111111;padding-top:80px;padding-bottom:80px\">\n<h2 class=\"wp-block-heading has-text-align-center has-white-color has-text-color has-link-color wp-elements-41046686dc3f6f7b5eacb97b830fa268\">Besoin d\u2019un avis technique ind\u00e9pendant ?<\/h2>\n\n\n\n<p class=\"has-text-color has-link-color wp-elements-f5e0f28c27080455b082a438ed245a48\" style=\"color:#d1d5db\">HSA Expertise intervient rapidement en Morbihan et Finist\u00e8re pour analyser votre situation et vous apporter un avis clair et factuel.<\/p>\n\n\n\n<div class=\"wp-block-buttons is-content-justification-center is-layout-flex wp-container-core-buttons-is-layout-a89b3969 wp-block-buttons-is-layout-flex\">\n<div class=\"wp-block-button\"><a class=\"wp-block-button__link has-black-color has-text-color has-background has-link-color wp-element-button\" href=\"https:\/\/hsa-expertise.fr\/index.php\/contact\/\" style=\"background-color:#f9ce5c\">Demander un avis technique<\/a><\/div>\n<\/div>\n<\/div>\n\n\n\n<p><\/p>\n","protected":false},"excerpt":{"rendered":"<p>Notre engagement HSA Expertise intervient avec une exigence simple : apporter un avis technique clair, factuel et ind\u00e9pendant. Ind\u00e9pendance totale [&hellip;]<\/p>\n","protected":false},"author":1,"featured_media":0,"parent":0,"menu_order":0,"comment_status":"closed","ping_status":"closed","template":"","meta":{"site-sidebar-layout":"default","site-content-layout":"","ast-site-content-layout":"full-width-container","site-content-style":"default","site-sidebar-style":"default","ast-global-header-display":"","ast-banner-title-visibility":"","ast-main-header-display":"","ast-hfb-above-header-display":"","ast-hfb-below-header-display":"","ast-hfb-mobile-header-display":"","site-post-title":"disabled","ast-breadcrumbs-content":"","ast-featured-img":"","footer-sml-layout":"","ast-disable-related-posts":"","theme-transparent-header-meta":"","adv-header-id-meta":"","stick-header-meta":"","header-above-stick-meta":"","header-main-stick-meta":"","header-below-stick-meta":"","astra-migrate-meta-layouts":"default","ast-page-background-enabled":"default","ast-page-background-meta":{"desktop":{"background-color":"var(--ast-global-color-5)","background-image":"","background-repeat":"repeat","background-position":"center center","background-size":"auto","background-attachment":"scroll","background-type":"","background-media":"","overlay-type":"","overlay-color":"","overlay-opacity":"","overlay-gradient":""},"tablet":{"background-color":"","background-image":"","background-repeat":"repeat","background-position":"center center","background-size":"auto","background-attachment":"scroll","background-type":"","background-media":"","overlay-type":"","overlay-color":"","overlay-opacity":"","overlay-gradient":""},"mobile":{"background-color":"","background-image":"","background-repeat":"repeat","background-position":"center center","background-size":"auto","background-attachment":"scroll","background-type":"","background-media":"","overlay-type":"","overlay-color":"","overlay-opacity":"","overlay-gradient":""}},"ast-content-background-meta":{"desktop":{"background-color":"var(--ast-global-color-4)","background-image":"","background-repeat":"repeat","background-position":"center center","background-size":"auto","background-attachment":"scroll","background-type":"","background-media":"","overlay-type":"","overlay-color":"","overlay-opacity":"","overlay-gradient":""},"tablet":{"background-color":"var(--ast-global-color-4)","background-image":"","background-repeat":"repeat","background-position":"center center","background-size":"auto","background-attachment":"scroll","background-type":"","background-media":"","overlay-type":"","overlay-color":"","overlay-opacity":"","overlay-gradient":""},"mobile":{"background-color":"var(--ast-global-color-4)","background-image":"","background-repeat":"repeat","background-position":"center center","background-size":"auto","background-attachment":"scroll","background-type":"","background-media":"","overlay-type":"","overlay-color":"","overlay-opacity":"","overlay-gradient":""}},"footnotes":""},"class_list":["post-12","page","type-page","status-publish","hentry"],"_links":{"self":[{"href":"https:\/\/hsa-expertise.fr\/index.php\/wp-json\/wp\/v2\/pages\/12","targetHints":{"allow":["GET"]}}],"collection":[{"href":"https:\/\/hsa-expertise.fr\/index.php\/wp-json\/wp\/v2\/pages"}],"about":[{"href":"https:\/\/hsa-expertise.fr\/index.php\/wp-json\/wp\/v2\/types\/page"}],"author":[{"embeddable":true,"href":"https:\/\/hsa-expertise.fr\/index.php\/wp-json\/wp\/v2\/users\/1"}],"replies":[{"embeddable":true,"href":"https:\/\/hsa-expertise.fr\/index.php\/wp-json\/wp\/v2\/comments?post=12"}],"version-history":[{"count":12,"href":"https:\/\/hsa-expertise.fr\/index.php\/wp-json\/wp\/v2\/pages\/12\/revisions"}],"predecessor-version":[{"id":193,"href":"https:\/\/hsa-expertise.fr\/index.php\/wp-json\/wp\/v2\/pages\/12\/revisions\/193"}],"wp:attachment":[{"href":"https:\/\/hsa-expertise.fr\/index.php\/wp-json\/wp\/v2\/media?parent=12"}],"curies":[{"name":"wp","href":"https:\/\/api.w.org\/{rel}","templated":true}]}}