{"id":7,"date":"2026-02-27T16:03:55","date_gmt":"2026-02-27T16:03:55","guid":{"rendered":"https:\/\/hsa-expertise.fr\/?page_id=7"},"modified":"2026-03-31T16:14:21","modified_gmt":"2026-03-31T16:14:21","slug":"accueil","status":"publish","type":"page","link":"https:\/\/hsa-expertise.fr\/","title":{"rendered":"Accueil"},"content":{"rendered":"\n<div class=\"wp-block-cover alignwide\"><img loading=\"lazy\" decoding=\"async\" width=\"1024\" height=\"683\" class=\"wp-block-cover__image-background wp-image-32 size-large\" alt=\"\" src=\"https:\/\/hsa-expertise.fr\/wp-content\/uploads\/2026\/02\/accueil-Seb-1024x683.png\" data-object-fit=\"cover\" srcset=\"https:\/\/hsa-expertise.fr\/wp-content\/uploads\/2026\/02\/accueil-Seb-1024x683.png 1024w, https:\/\/hsa-expertise.fr\/wp-content\/uploads\/2026\/02\/accueil-Seb-300x200.png 300w, https:\/\/hsa-expertise.fr\/wp-content\/uploads\/2026\/02\/accueil-Seb-768x512.png 768w, https:\/\/hsa-expertise.fr\/wp-content\/uploads\/2026\/02\/accueil-Seb.png 1536w\" sizes=\"auto, (max-width: 1024px) 100vw, 1024px\" \/><span aria-hidden=\"true\" class=\"wp-block-cover__background has-ast-global-color-8-background-color has-background-dim-40 has-background-dim\"><\/span><div class=\"wp-block-cover__inner-container is-layout-constrained wp-block-cover-is-layout-constrained\">\n<h1 class=\"wp-block-heading has-text-align-center has-ast-global-color-4-color has-text-color has-link-color wp-elements-f5bb29b135df4d8e785d0f12dd7b7dd0\"><strong><br><strong>Expert b\u00e2timent ind\u00e9pendant \u2013 Morbihan &amp; Finist\u00e8re<\/strong><\/strong><\/h1>\n\n\n\n<p class=\"has-text-align-center has-ast-global-color-4-color has-text-color has-link-color wp-elements-a5faf4dc79c4b4f725ba87350072c0b8\"><br><br>Pathologies \u2022 Malfa\u00e7ons \u2022 Infiltrations \u2022 Recherche de fuite<\/p>\n\n\n\n<div class=\"wp-block-buttons is-content-justification-center is-layout-flex wp-container-core-buttons-is-layout-a89b3969 wp-block-buttons-is-layout-flex\">\n<div class=\"wp-block-button is-style-fill\"><a class=\"wp-block-button__link has-luminous-vivid-amber-color has-ast-global-color-6-background-color has-text-color has-background has-link-color has-text-align-center wp-element-button\" href=\"https:\/\/hsa-expertise.fr\/index.php\/contact\/\">Demander un avis technique<\/a><\/div>\n<\/div>\n<\/div><\/div>\n\n\n\n<div class=\"wp-block-group is-layout-constrained wp-block-group-is-layout-constrained\">\n<h2 class=\"wp-block-heading has-text-align-center\">Un doute sur l\u2019\u00e9tat d\u2019un b\u00e2timent ?<\/h2>\n\n\n\n<p class=\"has-text-align-center has-black-color has-text-color has-link-color wp-elements-fdfdd827972c2fa165f07b355c1095bc\">Vous constatez une fissure sur votre maison ?<br>Une infiltration persistante malgr\u00e9 une r\u00e9paration ?<br>Un doute avant un achat immobilier ?<br>HSA Expertise intervient pour constater, qualifier et analyser objectivement la situation afin d\u2019\u00e9clairer votre prise de d\u00e9cision.<\/p>\n\n\n\n<p class=\"has-text-align-center has-text-color has-link-color wp-elements-7b5dc03aff39db736addb8f12bed4370\" style=\"color:#f9ce5c\"><strong>Ind\u00e9pendance. Rigueur. Clart\u00e9.<\/strong><\/p>\n<\/div>\n\n\n\n<div class=\"wp-block-group has-background is-layout-constrained wp-container-core-group-is-layout-5e679d73 wp-block-group-is-layout-constrained\" style=\"background-color:#f5f5f5;padding-top:60px;padding-right:20px;padding-bottom:60px;padding-left:20px\">\n<h2 class=\"wp-block-heading has-text-align-center\">Domaines d\u2019intervention<\/h2>\n\n\n\n<hr class=\"wp-block-separator has-text-color has-alpha-channel-opacity has-background is-style-wide\" style=\"background-color:#f9ce5c;color:#f9ce5c\"\/>\n\n\n\n<div class=\"wp-block-columns are-vertically-aligned-center is-layout-flex wp-container-core-columns-is-layout-28f84493 wp-block-columns-is-layout-flex\">\n<div class=\"wp-block-column is-vertically-aligned-center hsa-card has-ast-global-color-4-background-color has-background is-layout-flow wp-block-column-is-layout-flow\" style=\"border-top-left-radius:6px;border-top-right-radius:6px;border-bottom-left-radius:6px;border-bottom-right-radius:6px;padding-top:30px;padding-right:30px;padding-bottom:30px;padding-left:30px;box-shadow:var(--wp--preset--shadow--natural)\">\n<h3 class=\"wp-block-heading has-text-align-center\">Expertise &amp; malfa\u00e7ons<\/h3>\n\n\n\n<p>Analyse des d\u00e9sordres constructifs et des non-conformit\u00e9s apparentes affectant les ouvrages existants.<\/p>\n\n\n\n<div class=\"wp-block-buttons is-content-justification-center is-layout-flex wp-container-core-buttons-is-layout-a89b3969 wp-block-buttons-is-layout-flex\">\n<div class=\"wp-block-button\"><a class=\"wp-block-button__link has-ast-global-color-6-background-color has-text-color has-background has-link-color has-border-color wp-element-button\" href=\"\/index.php\/prestations\/#malfa\u00e7ons\" style=\"border-color:#f9ce5c;border-width:1px;color:#f9ce5c\">En savoir plus<\/a><\/div>\n<\/div>\n<\/div>\n\n\n\n<div class=\"wp-block-column is-vertically-aligned-center hsa-card has-ast-global-color-4-background-color has-background is-layout-flow wp-block-column-is-layout-flow\" style=\"border-top-left-radius:6px;border-top-right-radius:6px;border-bottom-left-radius:6px;border-bottom-right-radius:6px;padding-top:30px;padding-right:30px;padding-bottom:30px;padding-left:30px;box-shadow:var(--wp--preset--shadow--natural)\">\n<h3 class=\"wp-block-heading has-text-align-center\">Infiltrations &amp; pathologies<\/h3>\n\n\n\n<p>Analyse des m\u00e9canismes d\u2019infiltration (toitures, fa\u00e7ades, menuiseries) et des ph\u00e9nom\u00e8nes li\u00e9s \u00e0 l\u2019humidit\u00e9.<\/p>\n\n\n\n<div class=\"wp-block-buttons is-content-justification-center is-layout-flex wp-container-core-buttons-is-layout-a89b3969 wp-block-buttons-is-layout-flex\">\n<div class=\"wp-block-button\"><a class=\"wp-block-button__link has-black-background-color has-text-color has-background has-link-color has-border-color wp-element-button\" href=\"\/index.php\/prestations\/#infiltration\" style=\"border-color:#f9ce5c;border-width:1px;color:#f9ce5c\">En savoir plus<\/a><\/div>\n<\/div>\n<\/div>\n\n\n\n<div class=\"wp-block-column is-vertically-aligned-center hsa-card has-ast-global-color-4-background-color has-background is-layout-flow wp-block-column-is-layout-flow\" style=\"border-top-left-radius:6px;border-top-right-radius:6px;border-bottom-left-radius:6px;border-bottom-right-radius:6px;padding-top:30px;padding-right:30px;padding-bottom:30px;padding-left:30px;box-shadow:var(--wp--preset--shadow--natural)\">\n<h3 class=\"wp-block-heading has-text-align-center\">Expertise avant achat \/ vente<\/h3>\n\n\n\n<p>Avis technique ind\u00e9pendant pour s\u00e9curiser une d\u00e9cision immobili\u00e8re.<\/p>\n\n\n\n<div class=\"wp-block-buttons is-content-justification-center is-layout-flex wp-container-core-buttons-is-layout-a89b3969 wp-block-buttons-is-layout-flex\">\n<div class=\"wp-block-button\"><a class=\"wp-block-button__link has-black-background-color has-text-color has-background has-link-color has-border-color wp-element-button\" href=\"\/index.php\/prestations\/#vente\" style=\"border-color:#f9ce5c;border-width:1px;color:#f9ce5c\">S\u00e9curiser mon projet<\/a><\/div>\n<\/div>\n<\/div>\n<\/div>\n<\/div>\n\n\n\n<div class=\"wp-block-group is-layout-constrained wp-block-group-is-layout-constrained\">\n<h2 class=\"wp-block-heading has-text-align-center\"><strong>Pourquoi choisir HSA Expertise ?<\/strong><\/h2>\n\n\n\n<p class=\"has-text-align-center has-black-color has-text-color has-link-color wp-elements-583ecc48aa4d958a323df89d566a2b7c\">Un regard technique ind\u00e9pendant pour prot\u00e9ger vos int\u00e9r\u00eats.<\/p>\n\n\n\n<div class=\"wp-block-columns is-layout-flex wp-container-core-columns-is-layout-28f84493 wp-block-columns-is-layout-flex\">\n<div class=\"wp-block-column is-layout-flow wp-block-column-is-layout-flow\">\n<div class=\"wp-block-columns is-layout-flex wp-container-core-columns-is-layout-28f84493 wp-block-columns-is-layout-flex\">\n<div class=\"wp-block-column has-white-background-color has-background is-layout-flow wp-block-column-is-layout-flow\" style=\"padding-top:40px;padding-right:30px;padding-bottom:40px;padding-left:30px;box-shadow:var(--wp--preset--shadow--natural)\">\n<figure class=\"wp-block-image size-large\"><img loading=\"lazy\" decoding=\"async\" width=\"1024\" height=\"683\" src=\"https:\/\/hsa-expertise.fr\/wp-content\/uploads\/2026\/02\/bouclier-1024x683.png\" alt=\"\" class=\"wp-image-63\" srcset=\"https:\/\/hsa-expertise.fr\/wp-content\/uploads\/2026\/02\/bouclier-1024x683.png 1024w, https:\/\/hsa-expertise.fr\/wp-content\/uploads\/2026\/02\/bouclier-300x200.png 300w, https:\/\/hsa-expertise.fr\/wp-content\/uploads\/2026\/02\/bouclier-768x512.png 768w, https:\/\/hsa-expertise.fr\/wp-content\/uploads\/2026\/02\/bouclier.png 1536w\" sizes=\"auto, (max-width: 1024px) 100vw, 1024px\" \/><\/figure>\n\n\n\n<h4 class=\"wp-block-heading has-text-align-center\"><strong>Ind\u00e9pendance totale<\/strong><\/h4>\n\n\n\n<p class=\"has-ast-global-color-8-color has-text-color has-link-color wp-elements-1e7638c57fa5e66b551c6e5803029a65\">Nous ne r\u00e9alisons aucun travaux.<\/p>\n\n\n\n<p class=\"has-ast-global-color-8-color has-text-color has-link-color wp-elements-daaff6b75a6cf294b19f4c964697b6ab\">Notre analyse est strictement technique et totalement objective, sans conflit d\u2019int\u00e9r\u00eat ni logique commerciale.<\/p>\n<\/div>\n\n\n\n<div class=\"wp-block-column has-ast-global-color-4-background-color has-background is-layout-flow wp-block-column-is-layout-flow\" style=\"padding-top:40px;padding-right:30px;padding-bottom:40px;padding-left:30px;box-shadow:var(--wp--preset--shadow--natural)\">\n<figure class=\"wp-block-image size-large\"><img loading=\"lazy\" decoding=\"async\" width=\"1024\" height=\"683\" src=\"https:\/\/hsa-expertise.fr\/wp-content\/uploads\/2026\/02\/doc-seb-1024x683.png\" alt=\"\" class=\"wp-image-65\" srcset=\"https:\/\/hsa-expertise.fr\/wp-content\/uploads\/2026\/02\/doc-seb-1024x683.png 1024w, https:\/\/hsa-expertise.fr\/wp-content\/uploads\/2026\/02\/doc-seb-300x200.png 300w, https:\/\/hsa-expertise.fr\/wp-content\/uploads\/2026\/02\/doc-seb-768x512.png 768w, https:\/\/hsa-expertise.fr\/wp-content\/uploads\/2026\/02\/doc-seb.png 1536w\" sizes=\"auto, (max-width: 1024px) 100vw, 1024px\" \/><\/figure>\n\n\n\n<h4 class=\"wp-block-heading has-text-align-center\"><strong>Rapport clair et exploitable<\/strong><\/h4>\n\n\n\n<p class=\"has-black-color has-text-color has-link-color wp-elements-95199b384e09e7b56828faf2ab5bd00a\">Vous recevez un compte rendu structur\u00e9, pr\u00e9cis et compr\u00e9hensible, vous permettant de prendre une d\u00e9cision \u00e9clair\u00e9e ou d\u2019appuyer vos d\u00e9marches.<\/p>\n<\/div>\n<\/div>\n<\/div>\n\n\n\n<div class=\"wp-block-column is-layout-flow wp-block-column-is-layout-flow\">\n<div class=\"wp-block-columns is-layout-flex wp-container-core-columns-is-layout-28f84493 wp-block-columns-is-layout-flex\">\n<div class=\"wp-block-column has-white-background-color has-background is-layout-flow wp-block-column-is-layout-flow\" style=\"padding-top:40px;padding-right:30px;padding-bottom:40px;padding-left:30px;box-shadow:var(--wp--preset--shadow--natural)\">\n<figure class=\"wp-block-image size-full\"><img loading=\"lazy\" decoding=\"async\" width=\"1536\" height=\"1024\" src=\"https:\/\/hsa-expertise.fr\/wp-content\/uploads\/2026\/02\/loupe-4.png\" alt=\"\" class=\"wp-image-77\" srcset=\"https:\/\/hsa-expertise.fr\/wp-content\/uploads\/2026\/02\/loupe-4.png 1536w, https:\/\/hsa-expertise.fr\/wp-content\/uploads\/2026\/02\/loupe-4-300x200.png 300w, https:\/\/hsa-expertise.fr\/wp-content\/uploads\/2026\/02\/loupe-4-1024x683.png 1024w, https:\/\/hsa-expertise.fr\/wp-content\/uploads\/2026\/02\/loupe-4-768x512.png 768w\" sizes=\"auto, (max-width: 1536px) 100vw, 1536px\" \/><\/figure>\n\n\n\n<h4 class=\"wp-block-heading has-text-align-center\"><strong>Analyse technique approfondie<\/strong><\/h4>\n\n\n\n<p class=\"has-ast-global-color-6-color has-text-color has-link-color wp-elements-92d43b991cba55cc8777d309b659a9ae\">Chaque situation est \u00e9tudi\u00e9e avec rigueur et m\u00e9thodologie afin d&rsquo;identifier pr\u00e9cis\u00e9ment les causes r\u00e9elles des d\u00e9sordres et\/ou les m\u00e9canismes constructifs en jeu.<\/p>\n<\/div>\n\n\n\n<div class=\"wp-block-column has-white-background-color has-background is-layout-flow wp-block-column-is-layout-flow\" style=\"padding-top:40px;padding-right:30px;padding-bottom:40px;padding-left:30px;box-shadow:var(--wp--preset--shadow--natural)\">\n<figure class=\"wp-block-image size-large\"><img loading=\"lazy\" decoding=\"async\" width=\"1024\" height=\"683\" src=\"https:\/\/hsa-expertise.fr\/wp-content\/uploads\/2026\/02\/main-1024x683.png\" alt=\"\" class=\"wp-image-69\" srcset=\"https:\/\/hsa-expertise.fr\/wp-content\/uploads\/2026\/02\/main-1024x683.png 1024w, https:\/\/hsa-expertise.fr\/wp-content\/uploads\/2026\/02\/main-300x200.png 300w, https:\/\/hsa-expertise.fr\/wp-content\/uploads\/2026\/02\/main-768x512.png 768w, https:\/\/hsa-expertise.fr\/wp-content\/uploads\/2026\/02\/main.png 1536w\" sizes=\"auto, (max-width: 1024px) 100vw, 1024px\" \/><\/figure>\n\n\n\n<h4 class=\"wp-block-heading has-text-align-center\"><strong>Accompagnement personnalis\u00e9<\/strong><\/h4>\n\n\n\n<p class=\"has-ast-global-color-6-color has-text-color has-link-color wp-elements-1821bc0969534ec416868721f188217b\">Nous prenons le temps d\u2019\u00e9changer avec vous pour expliquer les constats, r\u00e9pondre \u00e0 vos questions et vous orienter vers les solutions adapt\u00e9es.<\/p>\n<\/div>\n<\/div>\n<\/div>\n<\/div>\n<\/div>\n\n\n\n<div class=\"wp-block-group is-layout-constrained wp-container-core-group-is-layout-0da279a2 wp-block-group-is-layout-constrained\" style=\"padding-top:100px;padding-right:40px;padding-bottom:100px;padding-left:40px\">\n<h2 class=\"wp-block-heading has-text-align-center\">Besoin d&rsquo;un avis technique ?<\/h2>\n\n\n\n<p class=\"has-text-align-center\">\u00c9changeons sur votre situation. Nous vous r\u00e9pondons sous 24h.<\/p>\n\n\n<style id=\"wpforms-css-vars-82-block-84639166-73f0-454a-a765-272e41d03a14\">\n\t\t\t\t#wpforms-82.wpforms-block-84639166-73f0-454a-a765-272e41d03a14 {\n\t\t\t\t--wpforms-button-background-color: var(--ast-global-color-6);\n--wpforms-button-text-color: #f9ce5c;\n--wpforms-field-size-input-height: 43px;\n--wpforms-field-size-input-spacing: 15px;\n--wpforms-field-size-font-size: 16px;\n--wpforms-field-size-line-height: 19px;\n--wpforms-field-size-padding-h: 14px;\n--wpforms-field-size-checkbox-size: 16px;\n--wpforms-field-size-sublabel-spacing: 5px;\n--wpforms-field-size-icon-size: 1;\n--wpforms-label-size-font-size: 16px;\n--wpforms-label-size-line-height: 19px;\n--wpforms-label-size-sublabel-font-size: 14px;\n--wpforms-label-size-sublabel-line-height: 17px;\n--wpforms-button-size-font-size: 17px;\n--wpforms-button-size-height: 41px;\n--wpforms-button-size-padding-h: 15px;\n--wpforms-button-size-margin-top: 10px;\n\t\t\t}\n\t\t\t<\/style><div class=\"wpforms-container wpforms-container-full wpforms-block wpforms-block-84639166-73f0-454a-a765-272e41d03a14 wpforms-render-modern\" id=\"wpforms-82\"><form id=\"wpforms-form-82\" class=\"wpforms-validate wpforms-form wpforms-ajax-form\" data-formid=\"82\" method=\"post\" enctype=\"multipart\/form-data\" action=\"\/index.php\/wp-json\/wp\/v2\/pages\/7\" data-token=\"92066c7400302f38029f876995311903\" data-token-time=\"1776088283\"><noscript class=\"wpforms-error-noscript\">Veuillez activer JavaScript dans votre navigateur pour remplir ce formulaire.<\/noscript><div id=\"wpforms-error-noscript\" style=\"display: none;\">Veuillez activer JavaScript dans votre navigateur pour remplir ce formulaire.<\/div><div class=\"wpforms-field-container\">\t\t<div id=\"wpforms-82-field_6-container\"\n\t\t\tclass=\"wpforms-field wpforms-field-text\"\n\t\t\tdata-field-type=\"text\"\n\t\t\tdata-field-id=\"6\"\n\t\t\t>\n\t\t\t<label class=\"wpforms-field-label\" for=\"wpforms-82-field_6\" >T\u00e9l\u00e9phone Commentaire Prestations<\/label>\n\t\t\t<input type=\"text\" id=\"wpforms-82-field_6\" class=\"wpforms-field-medium\" name=\"wpforms[fields][6]\" >\n\t\t<\/div>\n\t\t<div id=\"wpforms-82-field_1-container\" class=\"wpforms-field wpforms-field-name\" data-field-id=\"1\"><fieldset><legend class=\"wpforms-field-label\">Nom <span class=\"wpforms-required-label\" aria-hidden=\"true\">*<\/span><\/legend><div class=\"wpforms-field-row wpforms-field-medium\"><div class=\"wpforms-field-row-block wpforms-first wpforms-one-half\"><input type=\"text\" id=\"wpforms-82-field_1\" class=\"wpforms-field-name-first wpforms-field-required\" name=\"wpforms[fields][1][first]\" aria-errormessage=\"wpforms-82-field_1-error\" required><label for=\"wpforms-82-field_1\" class=\"wpforms-field-sublabel after\">Pr\u00e9nom<\/label><\/div><div class=\"wpforms-field-row-block wpforms-one-half\"><input type=\"text\" id=\"wpforms-82-field_1-last\" class=\"wpforms-field-name-last wpforms-field-required\" name=\"wpforms[fields][1][last]\" aria-errormessage=\"wpforms-82-field_1-last-error\" required><label for=\"wpforms-82-field_1-last\" class=\"wpforms-field-sublabel after\">Nom<\/label><\/div><\/div><\/fieldset><\/div><div id=\"wpforms-82-field_2-container\" class=\"wpforms-field wpforms-field-email\" data-field-id=\"2\"><label class=\"wpforms-field-label\" for=\"wpforms-82-field_2\">E-mail <span class=\"wpforms-required-label\" aria-hidden=\"true\">*<\/span><\/label><input type=\"email\" id=\"wpforms-82-field_2\" class=\"wpforms-field-medium wpforms-field-required\" name=\"wpforms[fields][2]\" spellcheck=\"false\" aria-errormessage=\"wpforms-82-field_2-error\" required><\/div><div id=\"wpforms-82-field_5-container\" class=\"wpforms-field wpforms-field-text\" data-field-id=\"5\"><label class=\"wpforms-field-label\" for=\"wpforms-82-field_5\">T\u00e9l\u00e9phone <span class=\"wpforms-required-label\" aria-hidden=\"true\">*<\/span><\/label><input type=\"text\" id=\"wpforms-82-field_5\" class=\"wpforms-field-medium wpforms-field-required\" name=\"wpforms[fields][5]\" aria-errormessage=\"wpforms-82-field_5-error\" required><\/div><div id=\"wpforms-82-field_4-container\" class=\"wpforms-field wpforms-field-select wpforms-field-select-style-classic\" data-field-id=\"4\"><label class=\"wpforms-field-label\" for=\"wpforms-82-field_4\">Prestations <span class=\"wpforms-required-label\" aria-hidden=\"true\">*<\/span><\/label><select id=\"wpforms-82-field_4\" class=\"wpforms-field-medium wpforms-field-required\" name=\"wpforms[fields][4]\" required=\"required\"><option value=\"\" class=\"placeholder\" disabled  selected='selected'>&#8212; S\u00e9lectionner un choix &#8212;<\/option><option value=\"Expertise &amp; malfa\u00e7ons\"  class=\"choice-1 depth-1\"  >Expertise &amp; malfa\u00e7ons<\/option><option value=\"Recherche de fuites\"  class=\"choice-5 depth-1\"  >Recherche de fuites<\/option><option value=\"D\u00e9sordre &amp; pathologies\"  class=\"choice-2 depth-1\"  >D\u00e9sordre &amp; pathologies<\/option><option value=\"Expertise avant achat \/ vente\"  class=\"choice-3 depth-1\"  >Expertise avant achat \/ vente<\/option><option value=\"Autres\"  class=\"choice-4 depth-1\"  >Autres<\/option><\/select><\/div><div id=\"wpforms-82-field_3-container\" class=\"wpforms-field wpforms-field-textarea\" data-field-id=\"3\"><label class=\"wpforms-field-label\" for=\"wpforms-82-field_3\">Commentaire ou message<\/label><textarea id=\"wpforms-82-field_3\" class=\"wpforms-field-medium\" name=\"wpforms[fields][3]\" aria-errormessage=\"wpforms-82-field_3-error\" ><\/textarea><\/div><script>\n\t\t\t\t( function() {\n\t\t\t\t\tconst style = document.createElement( 'style' );\n\t\t\t\t\tstyle.appendChild( document.createTextNode( '#wpforms-82-field_6-container { position: absolute !important; overflow: hidden !important; display: inline !important; height: 1px !important; width: 1px !important; z-index: -1000 !important; padding: 0 !important; } #wpforms-82-field_6-container input { visibility: hidden; } #wpforms-conversational-form-page #wpforms-82-field_6-container label { counter-increment: none; }' ) );\n\t\t\t\t\tdocument.head.appendChild( style );\n\t\t\t\t\tdocument.currentScript?.remove();\n\t\t\t\t} )();\n\t\t\t<\/script><\/div><!-- .wpforms-field-container --><div class=\"wpforms-submit-container\" ><input type=\"hidden\" name=\"wpforms[id]\" value=\"82\"><input type=\"hidden\" name=\"page_title\" value=\"\"><input type=\"hidden\" name=\"page_url\" value=\"https:\/\/hsa-expertise.fr\/index.php\/wp-json\/wp\/v2\/pages\/7\"><input type=\"hidden\" name=\"url_referer\" value=\"\"><button type=\"submit\" name=\"wpforms[submit]\" id=\"wpforms-submit-82\" class=\"wpforms-submit\" data-alt-text=\"Envoi...\" data-submit-text=\"Envoyer\" aria-live=\"assertive\" value=\"wpforms-submit\">Envoyer<\/button><img loading=\"lazy\" decoding=\"async\" src=\"https:\/\/hsa-expertise.fr\/wp-content\/plugins\/wpforms-lite\/assets\/images\/submit-spin.svg\" class=\"wpforms-submit-spinner\" style=\"display: none;\" width=\"26\" height=\"26\" alt=\"Chargement en cours\"><\/div><\/form><\/div>  <!-- .wpforms-container --><\/div>\n","protected":false},"excerpt":{"rendered":"<p>Un doute sur l\u2019\u00e9tat d\u2019un b\u00e2timent ? Vous constatez une fissure sur votre maison ?Une infiltration persistante malgr\u00e9 une r\u00e9paration [&hellip;]<\/p>\n","protected":false},"author":1,"featured_media":0,"parent":0,"menu_order":0,"comment_status":"closed","ping_status":"closed","template":"","meta":{"site-sidebar-layout":"no-sidebar","site-content-layout":"","ast-site-content-layout":"full-width-container","site-content-style":"default","site-sidebar-style":"default","ast-global-header-display":"","ast-banner-title-visibility":"","ast-main-header-display":"","ast-hfb-above-header-display":"","ast-hfb-below-header-display":"","ast-hfb-mobile-header-display":"","site-post-title":"disabled","ast-breadcrumbs-content":"","ast-featured-img":"","footer-sml-layout":"","ast-disable-related-posts":"","theme-transparent-header-meta":"","adv-header-id-meta":"","stick-header-meta":"","header-above-stick-meta":"","header-main-stick-meta":"","header-below-stick-meta":"","astra-migrate-meta-layouts":"default","ast-page-background-enabled":"default","ast-page-background-meta":{"desktop":{"background-color":"var(--ast-global-color-5)","background-image":"","background-repeat":"repeat","background-position":"center center","background-size":"auto","background-attachment":"scroll","background-type":"","background-media":"","overlay-type":"","overlay-color":"","overlay-opacity":"","overlay-gradient":""},"tablet":{"background-color":"","background-image":"","background-repeat":"repeat","background-position":"center center","background-size":"auto","background-attachment":"scroll","background-type":"","background-media":"","overlay-type":"","overlay-color":"","overlay-opacity":"","overlay-gradient":""},"mobile":{"background-color":"","background-image":"","background-repeat":"repeat","background-position":"center center","background-size":"auto","background-attachment":"scroll","background-type":"","background-media":"","overlay-type":"","overlay-color":"","overlay-opacity":"","overlay-gradient":""}},"ast-content-background-meta":{"desktop":{"background-color":"var(--ast-global-color-4)","background-image":"","background-repeat":"repeat","background-position":"center center","background-size":"auto","background-attachment":"scroll","background-type":"","background-media":"","overlay-type":"","overlay-color":"","overlay-opacity":"","overlay-gradient":""},"tablet":{"background-color":"var(--ast-global-color-4)","background-image":"","background-repeat":"repeat","background-position":"center center","background-size":"auto","background-attachment":"scroll","background-type":"","background-media":"","overlay-type":"","overlay-color":"","overlay-opacity":"","overlay-gradient":""},"mobile":{"background-color":"var(--ast-global-color-4)","background-image":"","background-repeat":"repeat","background-position":"center center","background-size":"auto","background-attachment":"scroll","background-type":"","background-media":"","overlay-type":"","overlay-color":"","overlay-opacity":"","overlay-gradient":""}},"footnotes":""},"class_list":["post-7","page","type-page","status-publish","hentry"],"_links":{"self":[{"href":"https:\/\/hsa-expertise.fr\/index.php\/wp-json\/wp\/v2\/pages\/7","targetHints":{"allow":["GET"]}}],"collection":[{"href":"https:\/\/hsa-expertise.fr\/index.php\/wp-json\/wp\/v2\/pages"}],"about":[{"href":"https:\/\/hsa-expertise.fr\/index.php\/wp-json\/wp\/v2\/types\/page"}],"author":[{"embeddable":true,"href":"https:\/\/hsa-expertise.fr\/index.php\/wp-json\/wp\/v2\/users\/1"}],"replies":[{"embeddable":true,"href":"https:\/\/hsa-expertise.fr\/index.php\/wp-json\/wp\/v2\/comments?post=7"}],"version-history":[{"count":41,"href":"https:\/\/hsa-expertise.fr\/index.php\/wp-json\/wp\/v2\/pages\/7\/revisions"}],"predecessor-version":[{"id":176,"href":"https:\/\/hsa-expertise.fr\/index.php\/wp-json\/wp\/v2\/pages\/7\/revisions\/176"}],"wp:attachment":[{"href":"https:\/\/hsa-expertise.fr\/index.php\/wp-json\/wp\/v2\/media?parent=7"}],"curies":[{"name":"wp","href":"https:\/\/api.w.org\/{rel}","templated":true}]}}